{"id":43,"date":"2013-08-20T14:04:41","date_gmt":"2013-08-20T12:04:41","guid":{"rendered":"http:\/\/www.schaeferchem.de\/wordpress\/?page_id=43"},"modified":"2020-12-11T13:59:43","modified_gmt":"2020-12-11T11:59:43","slug":"service","status":"publish","type":"page","link":"https:\/\/ch.schaefer-metallurgie.de\/chMetallurgie\/service\/","title":{"rendered":"Service"},"content":{"rendered":"[et_pb_section fb_built=&#8220;1&#8243; fullwidth=&#8220;on&#8220; _builder_version=&#8220;3.22&#8243;][et_pb_fullwidth_slider admin_label=&#8220;Fullwidth Slider&#8220; _builder_version=&#8220;4.5.3&#8243; custom_padding=&#8220;|||&#8220; custom_padding_tablet=&#8220;|||&#8220; custom_padding_phone=&#8220;|||&#8220; hover_enabled=&#8220;0&#8243; box_shadow_style=&#8220;preset6&#8243; box_shadow_blur=&#8220;10px&#8220; box_shadow_color=&#8220;rgba(0,0,0,0.1)&#8220; show_inner_shadow=&#8220;on&#8220; button_text_size__hover_enabled=&#8220;off&#8220; button_one_text_size__hover_enabled=&#8220;off&#8220; button_two_text_size__hover_enabled=&#8220;off&#8220; button_text_color__hover_enabled=&#8220;off&#8220; button_one_text_color__hover_enabled=&#8220;off&#8220; button_two_text_color__hover_enabled=&#8220;off&#8220; button_border_width__hover_enabled=&#8220;off&#8220; button_one_border_width__hover_enabled=&#8220;off&#8220; button_two_border_width__hover_enabled=&#8220;off&#8220; button_border_color__hover_enabled=&#8220;off&#8220; button_one_border_color__hover_enabled=&#8220;off&#8220; button_two_border_color__hover_enabled=&#8220;off&#8220; button_border_radius__hover_enabled=&#8220;off&#8220; button_one_border_radius__hover_enabled=&#8220;off&#8220; button_two_border_radius__hover_enabled=&#8220;off&#8220; button_letter_spacing__hover_enabled=&#8220;off&#8220; button_one_letter_spacing__hover_enabled=&#8220;off&#8220; button_two_letter_spacing__hover_enabled=&#8220;off&#8220; button_bg_color__hover_enabled=&#8220;off&#8220; button_one_bg_color__hover_enabled=&#8220;off&#8220; button_two_bg_color__hover_enabled=&#8220;off&#8220;][et_pb_slide heading=&#8220;\u670d\u52a1\u9879\u76ee &#8220; _builder_version=&#8220;4.5.3&#8243; background_color=&#8220;#ffffff&#8220; background_image=&#8220;https:\/\/ch.schaefer-metallurgie.de\/chMetallurgie\/wordpress\/wp-content\/uploads\/2013\/08\/Service1.gif&#8220; hover_enabled=&#8220;0&#8243; button_text_size__hover_enabled=&#8220;off&#8220; button_one_text_size__hover_enabled=&#8220;off&#8220; button_two_text_size__hover_enabled=&#8220;off&#8220; button_text_color__hover_enabled=&#8220;off&#8220; button_one_text_color__hover_enabled=&#8220;off&#8220; button_two_text_color__hover_enabled=&#8220;off&#8220; button_border_width__hover_enabled=&#8220;off&#8220; button_one_border_width__hover_enabled=&#8220;off&#8220; button_two_border_width__hover_enabled=&#8220;off&#8220; button_border_color__hover_enabled=&#8220;off&#8220; button_one_border_color__hover_enabled=&#8220;off&#8220; button_two_border_color__hover_enabled=&#8220;off&#8220; button_border_radius__hover_enabled=&#8220;off&#8220; button_one_border_radius__hover_enabled=&#8220;off&#8220; button_two_border_radius__hover_enabled=&#8220;off&#8220; button_letter_spacing__hover_enabled=&#8220;off&#8220; button_one_letter_spacing__hover_enabled=&#8220;off&#8220; button_two_letter_spacing__hover_enabled=&#8220;off&#8220; button_bg_color__hover_enabled=&#8220;off&#8220; button_one_bg_color__hover_enabled=&#8220;off&#8220; button_two_bg_color__hover_enabled=&#8220;off&#8220;][\/et_pb_slide][\/et_pb_fullwidth_slider][\/et_pb_section][et_pb_section fb_built=&#8220;1&#8243; _builder_version=&#8220;3.22&#8243;][et_pb_row _builder_version=&#8220;3.25&#8243; background_size=&#8220;initial&#8220; background_position=&#8220;top_left&#8220; background_repeat=&#8220;repeat&#8220; column_structure=&#8220;1_3,2_3&#8243;][et_pb_column type=&#8220;1_3&#8243; _builder_version=&#8220;3.25&#8243; custom_padding=&#8220;|||&#8220; custom_padding__hover=&#8220;|||&#8220;][et_pb_image src=&#8220;https:\/\/ch.schaefer-metallurgie.de\/chMetallurgie\/wordpress\/wp-content\/uploads\/2013\/08\/Service1.gif&#8220; align_tablet=&#8220;center&#8220; align_last_edited=&#8220;on|desktop&#8220; admin_label=&#8220;Bild&#8220; _builder_version=&#8220;3.23&#8243; animation_style=&#8220;slide&#8220; animation_direction=&#8220;left&#8220; animation_duration=&#8220;500ms&#8220; animation_intensity_slide=&#8220;10%&#8220; animation=&#8220;left&#8220; sticky=&#8220;off&#8220;][\/et_pb_image][\/et_pb_column][et_pb_column type=&#8220;2_3&#8243; _builder_version=&#8220;3.25&#8243; custom_padding=&#8220;|||&#8220; custom_padding__hover=&#8220;|||&#8220;][et_pb_text admin_label=&#8220;Text&#8220; _builder_version=&#8220;4.5.3&#8243; background_size=&#8220;initial&#8220; background_position=&#8220;top_left&#8220; background_repeat=&#8220;repeat&#8220; hover_enabled=&#8220;0&#8243;]\n<p style=\"text-align: justify;\">\u5728Wolfgang Vogel\u535a\u58eb\u7684\u5e26\u9886\u4e0b\uff0cSCH\u00c4FER Metallurgie GmbH\u7684\u56e2\u961f\u51ed\u501f\u5176\u4e13\u4e1a\u6280\u672f\uff0c\u5e2e\u52a9\u8bc6\u522b\u548c\u8bb0\u5f55\u94f8\u4ef6\u4e2d\u7684\u7f3a\u9677\u539f\u56e0\uff0c\u4f8b\u5982\u5728\u53d1\u751f\u65ad\u88c2\u6216\u6cc4\u6f0f\u65f6\u3002\u8fd9\u4e5f\u5305\u62ec\u5b9a\u671f\u7684\u8fde\u7eed\u68c0\u67e5\uff0c\u4ee5\u786e\u5b9a\u7ec6\u5316\u7a0b\u5ea6\uff08\u94a0\u548c\u9536\uff09\uff0c\u786e\u5b9a\u7a7a\u6d1e\uff08\u6c14\u5b54\u548c\u5b54\u9699\uff09\u548c\u76f8\u3002<\/p>\n<div align=\"left\">\n<div align=\"right\">\n<p style=\"text-align: justify;\" align=\"justify\"><strong>\u7ed3\u6784\u5206\u6790<\/strong><\/p>\n<p style=\"text-align: justify;\" align=\"justify\">\u663e\u5fae\u7ed3\u6784\u68c0\u67e5\u53ef\u4ee5\u786e\u5b9a\u6c61\u67d3\u7a0b\u5ea6\u3002\u5439\u6c14\u5b54\u548c\u6bdb\u5b54\u663e\u9732\u51fa\u6765\uff0c\u51b3\u5b9a\u4e86\u7ec6\u5316\u7a0b\u5ea6\u3002\u8be5\u68c0\u67e5\u63d0\u4f9b\u4e86\u6709\u5173\u9636\u6bb5\u6027\u7684\u4fe1\u606f\uff0c\u5e76\u5206\u6790\u4e86\u70ed\u5904\u7406\u7684\u60c5\u51b5\u3002\u5173\u4e8e\u51dd\u56fa\u7387\u548c\u76f8\u7684\u5747\u5300\u5206\u5e03\u7684\u9648\u8ff0\u6210\u4e3a\u53ef\u80fd\u3002<\/p>\n<p style=\"text-align: justify;\" align=\"justify\"><strong>\u7814\u78e8\u4f4d\u7f6e<\/strong><\/p>\n<p style=\"text-align: justify;\" align=\"justify\">\u7814\u78e8\u4f7f\u94f8\u4ef6\u5185\u90e8\u53ef\u89c6\u5316\u3002\u5b83\u80fd\u8bc6\u522b\u51fa\u8868\u9762\u6216\u4e2d\u5fc3\u7684\u533a\u57df\uff0c\u5e76\u660e\u786e\u6563\u70ed\u5668\u3001\u8d28\u91cf\u5806\u79ef\u548c\u95f8\u95e8\u7684\u51dd\u56fa\u6761\u4ef6\u3002<\/p>\n<p style=\"text-align: justify;\" align=\"justify\"><strong>\u51b6\u91d1\u4e13\u4e1a\u77e5\u8bc6\u7684\u51c6\u5907<\/strong><\/p>\n<p style=\"text-align: justify;\" align=\"justify\">\u5728\u6211\u4eec\u7684\u51b6\u91d1\u62a5\u544a\u4e2d\uff0c\u6211\u4eec\u8bb0\u5f55\u4e86\u7194\u4f53\u7684\u8d28\u91cf\uff0c\u8ba8\u8bba\u4e86\u7cbe\u70bc\u6216\u6676\u7c92\u7cbe\u70bc\u7684\u6210\u529f\uff0c\u786e\u5b9a\u4e86\u70ed\u5904\u7406\u7684\u7a0b\u5ea6\uff0c\u5e76\u63d0\u4f9b\u4e86\u94f8\u4ef6\u7684\u5168\u9762\u60c5\u51b5\u3002<\/p>\n<p style=\"text-align: justify;\" align=\"justify\"><strong>\u635f\u5bb3\u5206\u6790<\/strong><\/p>\n<p style=\"text-align: justify;\">\u5931\u6548\u5206\u6790\u5bfb\u627e\u94f8\u4ef6\u5931\u6548\u7684\u539f\u56e0\uff0c\u53d1\u73b0\u94f8\u9020\u8fc7\u7a0b\u4e2d\u7684\u9519\u8bef\uff0c\u5e76\u6307\u51fa\u907f\u514d\u9519\u8bef\u7684\u65b9\u6cd5\u3002<\/p>\n<\/div>\n<\/div>\n[\/et_pb_text][\/et_pb_column][\/et_pb_row][\/et_pb_section]\n","protected":false},"excerpt":{"rendered":"<p>\u5728Wolfgang Vogel\u535a\u58eb\u7684\u5e26\u9886\u4e0b\uff0cSCH\u00c4FER Metallurgie GmbH\u7684\u56e2\u961f\u51ed\u501f\u5176\u4e13\u4e1a\u6280\u672f\uff0c\u5e2e\u52a9\u8bc6\u522b\u548c\u8bb0\u5f55\u94f8\u4ef6\u4e2d\u7684\u7f3a\u9677\u539f\u56e0\uff0c\u4f8b\u5982\u5728\u53d1\u751f\u65ad\u88c2\u6216\u6cc4\u6f0f\u65f6\u3002\u8fd9\u4e5f\u5305\u62ec\u5b9a\u671f\u7684\u8fde\u7eed\u68c0\u67e5\uff0c\u4ee5\u786e\u5b9a\u7ec6\u5316\u7a0b\u5ea6\uff08\u94a0\u548c\u9536\uff09\uff0c\u786e\u5b9a\u7a7a\u6d1e\uff08\u6c14\u5b54\u548c\u5b54\u9699\uff09\u548c\u76f8\u3002 \u7ed3\u6784\u5206\u6790 \u663e\u5fae\u7ed3\u6784\u68c0\u67e5\u53ef\u4ee5\u786e\u5b9a\u6c61\u67d3\u7a0b\u5ea6\u3002\u5439\u6c14\u5b54\u548c\u6bdb\u5b54\u663e\u9732\u51fa\u6765\uff0c\u51b3\u5b9a\u4e86\u7ec6\u5316\u7a0b\u5ea6\u3002\u8be5\u68c0\u67e5\u63d0\u4f9b\u4e86\u6709\u5173\u9636\u6bb5\u6027\u7684\u4fe1\u606f\uff0c\u5e76\u5206\u6790\u4e86\u70ed\u5904\u7406\u7684\u60c5\u51b5\u3002\u5173\u4e8e\u51dd\u56fa\u7387\u548c\u76f8\u7684\u5747\u5300\u5206\u5e03\u7684\u9648\u8ff0\u6210\u4e3a\u53ef\u80fd\u3002 \u7814\u78e8\u4f4d\u7f6e \u7814\u78e8\u4f7f\u94f8\u4ef6\u5185\u90e8\u53ef\u89c6\u5316\u3002\u5b83\u80fd\u8bc6\u522b\u51fa\u8868\u9762\u6216\u4e2d\u5fc3\u7684\u533a\u57df\uff0c\u5e76\u660e\u786e\u6563\u70ed\u5668\u3001\u8d28\u91cf\u5806\u79ef\u548c\u95f8\u95e8\u7684\u51dd\u56fa\u6761\u4ef6\u3002 \u51b6\u91d1\u4e13\u4e1a\u77e5\u8bc6\u7684\u51c6\u5907 \u5728\u6211\u4eec\u7684\u51b6\u91d1\u62a5\u544a\u4e2d\uff0c\u6211\u4eec\u8bb0\u5f55\u4e86\u7194\u4f53\u7684\u8d28\u91cf\uff0c\u8ba8\u8bba\u4e86\u7cbe\u70bc\u6216\u6676\u7c92\u7cbe\u70bc\u7684\u6210\u529f\uff0c\u786e\u5b9a\u4e86\u70ed\u5904\u7406\u7684\u7a0b\u5ea6\uff0c\u5e76\u63d0\u4f9b\u4e86\u94f8\u4ef6\u7684\u5168\u9762\u60c5\u51b5\u3002 \u635f\u5bb3\u5206\u6790 \u5931\u6548\u5206\u6790\u5bfb\u627e\u94f8\u4ef6\u5931\u6548\u7684\u539f\u56e0\uff0c\u53d1\u73b0\u94f8\u9020\u8fc7\u7a0b\u4e2d\u7684\u9519\u8bef\uff0c\u5e76\u6307\u51fa\u907f\u514d\u9519\u8bef\u7684\u65b9\u6cd5\u3002<\/p>\n","protected":false},"author":1,"featured_media":0,"parent":0,"menu_order":0,"comment_status":"open","ping_status":"open","template":"","meta":{"_et_pb_use_builder":"on","_et_pb_old_content":"<div style=\"text-align: justify;\"><h2 style=\"text-align: justify;\" align=\"center\"><span style=\"color: #081571;\"><strong>Serviceangebote<\/strong><\/span><\/h2><p>Mit seinem Know-how hilft das Team der Firma <span class=\"Stil1\">SCH\u00c4FER Chemische Fabrik<\/span> unter der Leitung<br \/> von Dr. Wolfgang Vogel, die Ursache von Fehlern im Gu\u00dfteil - etwa im Falle eines Bruches<br \/> oder einer Undichtigkeit heraus-zuarbeiten und zu dokumentieren. Hierzu geh\u00f6ren auch regelm\u00e4\u00dfige<br \/> Reihenunter-suchungen zur Ermittlung des Veredelungs-grades (Natrium und Strontium), zur<br \/> Bestimmung von Hohlr\u00e4umen (Lunker und Poren) und Phasen<\/p><div align=\"left\"><div align=\"right\"><p style=\"text-align: justify;\" align=\"justify\"><strong>Gef\u00fcgeuntersuchung<\/strong><\/p><p style=\"text-align: justify;\" align=\"justify\">Die Gef\u00fcgeuntersuchung gibt Gewissheit \u00fcber den Grad der Verunreinigung. Lunker und Poren<br \/> werden aufgedeckt. Der Veredelungsgrad wird ermittelt.<br \/> Die Untersuchung gibt Auskunft \u00fcber Phasen und analysiert W\u00e4rmebehandlungen. Aussagen \u00fcber<br \/> die Erstarrungsgeschwindigkeit und \u00fcber die Gleichverteilung von Phasen werden m\u00f6glich.<\/p><p style=\"text-align: justify;\" align=\"justify\"><strong>Schlifferstellung<\/strong><\/p><p style=\"text-align: justify;\" align=\"justify\">Die Schlifferstellung visualisiert das Innere des Gussteils. Sie ermittelt Bereiche an der Oberfl\u00e4che<br \/> oder im Zentrum und verdeutlicht die Erstarrungsverh\u00e4ltnisse an K\u00fchlk\u00f6rpern, Massenanh\u00e4ufungen<br \/> und Anschnitten.<\/p><p style=\"text-align: justify;\" align=\"justify\"><strong>Erstellung metallurgischer Gutachten<\/strong><\/p><p style=\"text-align: justify;\" align=\"justify\">In unseren metallurgischen Gutachten dokumentieren wir die Qualit\u00e4t einer Schmelze, er\u00f6rtern den Erfolg<br \/> einer Veredelung oder Kornfeinung, ermitteln den Grad einer W\u00e4rmebehandlung und geben ein umfassendes<br \/> Bild des Gu\u00dfteils.<\/p><p style=\"text-align: justify;\" align=\"justify\"><strong>Schadensanalye<\/strong><strong><em><\/em><\/strong><\/p><p style=\"text-align: justify;\">Schadensanalysen suchen die Ursachen f\u00fcr das Fehlverhalten des Gu\u00dfteils, decken Fehler beim Gie\u00dfen auf<br \/> und zeigen Wege zur Vermeidung von Fehlern.<\/p><\/div><\/div><\/div>","_et_gb_content_width":"","footnotes":""},"class_list":["post-43","page","type-page","status-publish","hentry"],"_links":{"self":[{"href":"https:\/\/ch.schaefer-metallurgie.de\/chMetallurgie\/wp-json\/wp\/v2\/pages\/43","targetHints":{"allow":["GET"]}}],"collection":[{"href":"https:\/\/ch.schaefer-metallurgie.de\/chMetallurgie\/wp-json\/wp\/v2\/pages"}],"about":[{"href":"https:\/\/ch.schaefer-metallurgie.de\/chMetallurgie\/wp-json\/wp\/v2\/types\/page"}],"author":[{"embeddable":true,"href":"https:\/\/ch.schaefer-metallurgie.de\/chMetallurgie\/wp-json\/wp\/v2\/users\/1"}],"replies":[{"embeddable":true,"href":"https:\/\/ch.schaefer-metallurgie.de\/chMetallurgie\/wp-json\/wp\/v2\/comments?post=43"}],"version-history":[{"count":1,"href":"https:\/\/ch.schaefer-metallurgie.de\/chMetallurgie\/wp-json\/wp\/v2\/pages\/43\/revisions"}],"predecessor-version":[{"id":2715,"href":"https:\/\/ch.schaefer-metallurgie.de\/chMetallurgie\/wp-json\/wp\/v2\/pages\/43\/revisions\/2715"}],"wp:attachment":[{"href":"https:\/\/ch.schaefer-metallurgie.de\/chMetallurgie\/wp-json\/wp\/v2\/media?parent=43"}],"curies":[{"name":"wp","href":"https:\/\/api.w.org\/{rel}","templated":true}]}}