{"id":634,"date":"2014-03-27T09:58:15","date_gmt":"2014-03-27T07:58:15","guid":{"rendered":"http:\/\/www.schaeferchem.de\/wordpress\/?page_id=634"},"modified":"2020-10-16T10:45:17","modified_gmt":"2020-10-16T08:45:17","slug":"schaefer-produkte-kokillenschlichten","status":"publish","type":"page","link":"https:\/\/ch.schaefer-metallurgie.de\/chMetallurgie\/schaefer-produkte-kokillenschlichten\/","title":{"rendered":"Produkte Kokillenschlichte"},"content":{"rendered":"[et_pb_section fb_built=&#8220;1&#8243; fullwidth=&#8220;on&#8220; _builder_version=&#8220;3.22&#8243;][et_pb_fullwidth_slider admin_label=&#8220;Fullwidth Slider&#8220; _builder_version=&#8220;4.5.3&#8243; custom_padding=&#8220;|||&#8220; custom_padding_tablet=&#8220;|||&#8220; custom_padding_phone=&#8220;|||&#8220; box_shadow_style=&#8220;preset6&#8243; box_shadow_blur=&#8220;10px&#8220; box_shadow_color=&#8220;rgba(0,0,0,0.1)&#8220; show_inner_shadow=&#8220;on&#8220; button_text_size__hover_enabled=&#8220;off&#8220; button_one_text_size__hover_enabled=&#8220;off&#8220; button_two_text_size__hover_enabled=&#8220;off&#8220; button_text_color__hover_enabled=&#8220;off&#8220; button_one_text_color__hover_enabled=&#8220;off&#8220; button_two_text_color__hover_enabled=&#8220;off&#8220; button_border_width__hover_enabled=&#8220;off&#8220; button_one_border_width__hover_enabled=&#8220;off&#8220; button_two_border_width__hover_enabled=&#8220;off&#8220; button_border_color__hover_enabled=&#8220;off&#8220; button_one_border_color__hover_enabled=&#8220;off&#8220; button_two_border_color__hover_enabled=&#8220;off&#8220; button_border_radius__hover_enabled=&#8220;off&#8220; button_one_border_radius__hover_enabled=&#8220;off&#8220; button_two_border_radius__hover_enabled=&#8220;off&#8220; button_letter_spacing__hover_enabled=&#8220;off&#8220; button_one_letter_spacing__hover_enabled=&#8220;off&#8220; button_two_letter_spacing__hover_enabled=&#8220;off&#8220; button_bg_color__hover_enabled=&#8220;off&#8220; button_one_bg_color__hover_enabled=&#8220;off&#8220; button_two_bg_color__hover_enabled=&#8220;off&#8220;][et_pb_slide heading=&#8220;\u91d1\u5c5e\u6a21\u5177\u6d82\u5c42&#8220; _builder_version=&#8220;4.5.3&#8243; background_color=&#8220;#ffffff&#8220; background_image=&#8220;https:\/\/ch.schaefer-metallurgie.de\/chMetallurgie\/wordpress\/wp-content\/uploads\/2015\/03\/LEV0543-c-ret_silber-eingef\u00e4rbt-3.jpg&#8220; button_text_size__hover_enabled=&#8220;off&#8220; button_one_text_size__hover_enabled=&#8220;off&#8220; button_two_text_size__hover_enabled=&#8220;off&#8220; button_text_color__hover_enabled=&#8220;off&#8220; button_one_text_color__hover_enabled=&#8220;off&#8220; button_two_text_color__hover_enabled=&#8220;off&#8220; button_border_width__hover_enabled=&#8220;off&#8220; button_one_border_width__hover_enabled=&#8220;off&#8220; button_two_border_width__hover_enabled=&#8220;off&#8220; button_border_color__hover_enabled=&#8220;off&#8220; button_one_border_color__hover_enabled=&#8220;off&#8220; button_two_border_color__hover_enabled=&#8220;off&#8220; button_border_radius__hover_enabled=&#8220;off&#8220; button_one_border_radius__hover_enabled=&#8220;off&#8220; button_two_border_radius__hover_enabled=&#8220;off&#8220; button_letter_spacing__hover_enabled=&#8220;off&#8220; button_one_letter_spacing__hover_enabled=&#8220;off&#8220; button_two_letter_spacing__hover_enabled=&#8220;off&#8220; button_bg_color__hover_enabled=&#8220;off&#8220; button_one_bg_color__hover_enabled=&#8220;off&#8220; button_two_bg_color__hover_enabled=&#8220;off&#8220;][\/et_pb_slide][\/et_pb_fullwidth_slider][\/et_pb_section][et_pb_section fb_built=&#8220;1&#8243; _builder_version=&#8220;3.22&#8243;][et_pb_row column_structure=&#8220;1_3,2_3&#8243; _builder_version=&#8220;3.25&#8243; background_size=&#8220;initial&#8220; background_position=&#8220;top_left&#8220; background_repeat=&#8220;repeat&#8220;][et_pb_column type=&#8220;1_3&#8243; _builder_version=&#8220;3.25&#8243; custom_padding=&#8220;|||&#8220; custom_padding__hover=&#8220;|||&#8220;][et_pb_toggle open=&#8220;on&#8220; admin_label=&#8220;Toggle&#8220; _builder_version=&#8220;4.5.3&#8243; background_size=&#8220;initial&#8220; background_position=&#8220;top_left&#8220; background_repeat=&#8220;repeat&#8220; hover_enabled=&#8220;0&#8243;]\u5149\u6ed1\u8868\u9762<br \/>\n<div class=\"su-accordion su-u-trim\"> <div class=\"su-spoiler su-spoiler-style-default su-spoiler-icon-plus su-spoiler-closed\" data-scroll-offset=\"0\" data-anchor-in-url=\"no\"><div class=\"su-spoiler-title\" tabindex=\"0\" role=\"button\"><span class=\"su-spoiler-icon\"><\/span><\/div><div class=\"su-spoiler-content su-u-clearfix su-u-trim\">\n<strong><span lang=\"ZH-CN\">\u4f4e\u5bfc\u70ed\u7cfb\u6570<\/span><\/strong><br \/>\n<a title=\"Cillolin AL 285\" href=\"https:\/\/ch.schaefer-metallurgie.de\/chMetallurgie\/cillolin-al-285\/\">CILLOLIN AL 285<\/a><a title=\"Probat \u2013 Fluss Extra\" href=\"https:\/\/ch.schaefer-metallurgie.de\/chMetallurgie\/probat-fluss-extra\/\"><br \/>\n<\/a><strong><span lang=\"ZH-CN\">\u4e2d\u5bfc\u70ed\u7cfb\u6570<\/span><\/strong><br \/>\n<a title=\"Cillolin AL 2812\" href=\"https:\/\/ch.schaefer-metallurgie.de\/chMetallurgie\/cillolin-al-2812\/\">CILLOLIN AL 2812<br \/>\n<\/a><strong><span lang=\"ZH-CN\">\u9ad8\u5bfc\u70ed\u7cfb\u6570<\/span><\/strong><br \/>\n<a title=\"Cillolin AL 223\" href=\"https:\/\/ch.schaefer-metallurgie.de\/chMetallurgie\/cillolin-al-223\/\">CILLOLIN AL 223<br \/>\n<\/a><\/div><\/div><\/div>\n\u7c97\u7cd9\u8868\u9762<br \/>\n<div class=\"su-accordion su-u-trim\"> <div class=\"su-spoiler su-spoiler-style-default su-spoiler-icon-plus su-spoiler-closed\" data-scroll-offset=\"0\" data-anchor-in-url=\"no\"><div class=\"su-spoiler-title\" tabindex=\"0\" role=\"button\"><span class=\"su-spoiler-icon\"><\/span><\/div><div class=\"su-spoiler-content su-u-clearfix su-u-trim\">\n<strong><span lang=\"ZH-CN\">\u4f4e\u5bfc\u70ed\u7cfb\u6570<\/span><\/strong><br \/>\n<a title=\"Cillolin AL 285 G\" href=\"https:\/\/ch.schaefer-metallurgie.de\/chMetallurgie\/cillolin-al-285g\/\">CILLOLIN AL 285 G<\/a><a title=\"Probat \u2013 Fluss Extra_\" href=\"https:\/\/ch.schaefer-metallurgie.de\/chMetallurgie\/probat-fluss-extra_\/\"><br \/>\n<\/a><strong><span lang=\"ZH-CN\">\u4e2d\u5bfc\u70ed\u7cfb\u6570<\/span><\/strong><br \/>\n<a title=\"Cillolin AL 2812 G\" href=\"https:\/\/ch.schaefer-metallurgie.de\/chMetallurgie\/cillolin-al-2812-g\/\">CILLOLIN AL 2812 G<\/a><br \/>\n<strong><span lang=\"ZH-CN\">\u9ad8\u5bfc\u70ed\u7cfb\u6570<\/span><a title=\"Probat \u2013 Fluss Redox_\" href=\"https:\/\/ch.schaefer-metallurgie.de\/chMetallurgie\/probat-fluss-redox_\/\"><br \/>\n<\/a><\/strong><a title=\"Cillolin AL 223 G\" href=\"https:\/\/ch.schaefer-metallurgie.de\/chMetallurgie\/cillolin-al-223g\/\">CILLOLIN AL 223 G<br \/>\n<\/a><\/div><\/div><\/div>\n\u8868\u9762\u6781\u5176\u7c97\u7cd9\uff0c\u94f8\u9020\u51e0\u4f55\u5f62\u72b6\u590d\u6742<br \/>\n<div class=\"su-accordion su-u-trim\"> <div class=\"su-spoiler su-spoiler-style-default su-spoiler-icon-plus su-spoiler-closed\" data-scroll-offset=\"0\" data-anchor-in-url=\"no\"><div class=\"su-spoiler-title\" tabindex=\"0\" role=\"button\"><span class=\"su-spoiler-icon\"><\/span><\/div><div class=\"su-spoiler-content su-u-clearfix su-u-trim\">\n<strong><span lang=\"ZH-CN\">\u4f4e\u5bfc\u70ed\u7cfb\u6570<\/span><\/strong><br \/>\n<a title=\"Cillolin AL 285 GN\" href=\"https:\/\/ch.schaefer-metallurgie.de\/chMetallurgie\/cillolin-al-285-gn\/\">CILLOLIN AL 285 GN<br \/>\n<\/a><strong><span lang=\"ZH-CN\">\u4e2d\u5bfc\u70ed\u7cfb\u6570<\/span><\/strong><br \/>\n<a title=\"Cillolin AL 3500 G\" href=\"https:\/\/ch.schaefer-metallurgie.de\/chMetallurgie\/cillolin-al-2500g\/\">CILLOLIN AL 3500 G<\/a><br \/>\n<strong><span lang=\"ZH-CN\">\u9ad8\u5bfc\u70ed\u7cfb\u6570<\/span><br \/>\n<\/strong><a title=\"Cillolin AL 223 GD\" href=\"https:\/\/ch.schaefer-metallurgie.de\/chMetallurgie\/cillolin-al-223-gd\/\">CILLOLIN AL 223 GD<\/a><br \/>\n<strong><span lang=\"ZH-CN\">\u8868\u9762\u6781\u5176\u5149\u6ed1<\/span><span lang=\"ZH-CN\">\uff0c<\/span><span lang=\"ZH-CN\">\u4f4e\u5bfc\u70ed\u7cfb\u6570<\/span><br \/>\n<\/strong><a title=\"Cillolin AL 286\" href=\"https:\/\/ch.schaefer-metallurgie.de\/chMetallurgie\/cillolin-al-286\/\">CILLOLIN AL 286<strong><br \/>\n<\/strong><\/a><strong><span lang=\"ZH-CN\">\u5de5\u5177\uff0c\u8fdb\u6599\u7ad6\u7ba1\uff0c\u7ba1\u9053\u4fdd\u62a4<\/span><\/strong><a title=\"Cillolin AL 286\" href=\"https:\/\/ch.schaefer-metallurgie.de\/chMetallurgie\/cillolin-al-286\/\"><strong><br \/>\n<\/strong><\/a><a title=\"Pyronol\" href=\"https:\/\/ch.schaefer-metallurgie.de\/chMetallurgie\/pyronol\/\">PYRONOL<\/a><br \/>\n<strong><span lang=\"ZH-CN\">\u5782\u76f4\u8fde\u94f8\u4e2d\u91d1\u5c5e\u6a21\u4e0e\u5835\u5934\u4fdd\u62a4<\/span><br \/>\n<\/strong><a title=\"CILLOLIN AL 225_\" href=\"https:\/\/ch.schaefer-metallurgie.de\/chMetallurgie\/cillolin-al-225_\/\">CILLOLIN AL 225<\/a><br \/>\n<strong><span lang=\"ZH-CN\">\u4fdd\u8bc1\u8fde\u94f8\u952d\u6ed1\u52a8<\/span><br \/>\n<\/strong><a title=\"CILLOLIN AL 160\" href=\"https:\/\/ch.schaefer-metallurgie.de\/chMetallurgie\/cillolin-al-160\/\">CILLOLIN AL 160<\/a><br \/>\n<strong><span lang=\"ZH-CN\">\u9187\u57fa\u9676\u74f7\u94f8\u69fd\u4fdd\u62a4\u6d82\u5c42<\/span><br \/>\n<\/strong><a title=\"CILLOLIN AL 500\" href=\"https:\/\/ch.schaefer-metallurgie.de\/chMetallurgie\/cillolin-al-500\/\">CILLOLIN AL 500<\/a><br \/>\n<strong><span lang=\"ZH-CN\">\u7802\u6a21\u94f8\u9541<\/span><br \/>\n<\/strong><a title=\"CILLOLIN AL MG\" href=\"https:\/\/ch.schaefer-metallurgie.de\/chMetallurgie\/cillolin-al-mg\/\">CILLOLIN MG<\/a><br \/>\n<\/div><\/div><\/div>[\/et_pb_toggle][\/et_pb_column][et_pb_column type=&#8220;2_3&#8243; _builder_version=&#8220;3.25&#8243; custom_padding=&#8220;|||&#8220; custom_padding__hover=&#8220;|||&#8220;][et_pb_text admin_label=&#8220;Text&#8220; _builder_version=&#8220;3.27.4&#8243; background_size=&#8220;initial&#8220; background_position=&#8220;top_left&#8220; background_repeat=&#8220;repeat&#8220;]\n<p style=\"text-align: justify;\">Schlichten f\u00fcr den Kokillenguss trennen das fl\u00fcssige Metall von der Form und verhindern damit das Anlegieren. Gleichzeitig haben sie die Aufgabe, den W\u00e4rmetransport zu steuern und das Flie\u00dfverhalten beim Bef\u00fcllen der Kokille positiv zu beeinflussen. Zu den vielf\u00e4ltigen Aufgaben der Schlichten geh\u00f6rt ebenso je nach Anforderung, eine Gleiteigenschaft zu besitzen oder eine besonders glatte Gussfl\u00e4che zu erreichen.<\/p>\n<p style=\"text-align: justify;\">So hat jede Schlichte f\u00fcr jede Anforderung ihre spezifische Eigenschaften: W\u00e4rme zu halten oder abzuf\u00fchren, glatte Oberfl\u00e4chen zu erzeugen oder eine gute Flie\u00dff\u00e4higkeit zu einzustellen. Spezielle Schlichten sind spezialisiert zum Schutz von Steigrohre oder Thermoelemente, oder stellen im Magnesiumguss saubere und glatte Oberfl\u00e4chen her.<\/p>\n<p>Man unterscheidet mehrere Eigenschaften, die je nach Zielsetzung zu erreichen sind:<\/p>\n<p style=\"text-align: justify;\"><strong>W\u00e4rmef\u00fchrung<\/strong> mit schwarzer (hohe W\u00e4rmeleitf\u00e4higkeit) oder wei\u00dfer (geringe W\u00e4rmeleitf\u00e4higkeit) CILLOLIN-Schlichte.<\/p>\n<p style=\"text-align: justify;\"><strong>Haftungseigenschaft<\/strong> mit starker Bindungskraft (Glasstruktur) oder schwacher Haftung mit guter Gleiteigenschaft.<\/p>\n<p style=\"text-align: justify;\"><strong>Flie\u00dfverhalten<\/strong> zur Vermeidung von Einfallstellen und optimaler Formf\u00fcllung.<\/p>\n[\/et_pb_text][\/et_pb_column][\/et_pb_row][\/et_pb_section]\n","protected":false},"excerpt":{"rendered":"<p>\u5149\u6ed1\u8868\u9762 <div class=\"su-accordion su-u-trim\"> <div class=\"su-spoiler su-spoiler-style-default su-spoiler-icon-plus su-spoiler-closed\" data-scroll-offset=\"0\" data-anchor-in-url=\"no\"><div class=\"su-spoiler-title\" tabindex=\"0\" role=\"button\"><span class=\"su-spoiler-icon\"><\/span><\/div><div class=\"su-spoiler-content su-u-clearfix su-u-trim\"> \u4f4e\u5bfc\u70ed\u7cfb\u6570 CILLOLIN AL 285 \u4e2d\u5bfc\u70ed\u7cfb\u6570 CILLOLIN AL 2812 \u9ad8\u5bfc\u70ed\u7cfb\u6570 CILLOLIN AL 223 <\/div><\/div><\/div> \u7c97\u7cd9\u8868\u9762 <div class=\"su-accordion su-u-trim\"> <div class=\"su-spoiler su-spoiler-style-default su-spoiler-icon-plus su-spoiler-closed\" data-scroll-offset=\"0\" data-anchor-in-url=\"no\"><div class=\"su-spoiler-title\" tabindex=\"0\" role=\"button\"><span class=\"su-spoiler-icon\"><\/span><\/div><div class=\"su-spoiler-content su-u-clearfix su-u-trim\"> \u4f4e\u5bfc\u70ed\u7cfb\u6570 CILLOLIN AL 285 G \u4e2d\u5bfc\u70ed\u7cfb\u6570 CILLOLIN AL 2812 G \u9ad8\u5bfc\u70ed\u7cfb\u6570 CILLOLIN AL 223 G <\/div><\/div><\/div> \u8868\u9762\u6781\u5176\u7c97\u7cd9\uff0c\u94f8\u9020\u51e0\u4f55\u5f62\u72b6\u590d\u6742 <div class=\"su-accordion su-u-trim\"><\/div> <div class=\"su-spoiler su-spoiler-style-default su-spoiler-icon-plus su-spoiler-closed\" data-scroll-offset=\"0\" data-anchor-in-url=\"no\"><div class=\"su-spoiler-title\" tabindex=\"0\" role=\"button\"><span class=\"su-spoiler-icon\"><\/span><\/div><div class=\"su-spoiler-content su-u-clearfix su-u-trim\"><\/div><\/div> \u4f4e\u5bfc\u70ed\u7cfb\u6570 CILLOLIN AL 285 GN \u4e2d\u5bfc\u70ed\u7cfb\u6570 CILLOLIN AL 3500 G \u9ad8\u5bfc\u70ed\u7cfb\u6570 CILLOLIN AL 223 [&hellip;]<\/p>\n","protected":false},"author":1,"featured_media":0,"parent":0,"menu_order":0,"comment_status":"open","ping_status":"open","template":"","meta":{"_et_pb_use_builder":"on","_et_pb_old_content":"","_et_gb_content_width":"","footnotes":""},"class_list":["post-634","page","type-page","status-publish","hentry"],"_links":{"self":[{"href":"https:\/\/ch.schaefer-metallurgie.de\/chMetallurgie\/wp-json\/wp\/v2\/pages\/634","targetHints":{"allow":["GET"]}}],"collection":[{"href":"https:\/\/ch.schaefer-metallurgie.de\/chMetallurgie\/wp-json\/wp\/v2\/pages"}],"about":[{"href":"https:\/\/ch.schaefer-metallurgie.de\/chMetallurgie\/wp-json\/wp\/v2\/types\/page"}],"author":[{"embeddable":true,"href":"https:\/\/ch.schaefer-metallurgie.de\/chMetallurgie\/wp-json\/wp\/v2\/users\/1"}],"replies":[{"embeddable":true,"href":"https:\/\/ch.schaefer-metallurgie.de\/chMetallurgie\/wp-json\/wp\/v2\/comments?post=634"}],"version-history":[{"count":4,"href":"https:\/\/ch.schaefer-metallurgie.de\/chMetallurgie\/wp-json\/wp\/v2\/pages\/634\/revisions"}],"predecessor-version":[{"id":2631,"href":"https:\/\/ch.schaefer-metallurgie.de\/chMetallurgie\/wp-json\/wp\/v2\/pages\/634\/revisions\/2631"}],"wp:attachment":[{"href":"https:\/\/ch.schaefer-metallurgie.de\/chMetallurgie\/wp-json\/wp\/v2\/media?parent=634"}],"curies":[{"name":"wp","href":"https:\/\/api.w.org\/{rel}","templated":true}]}}